{"id":3,"date":"2025-10-16T09:12:26","date_gmt":"2025-10-16T09:12:26","guid":{"rendered":"http:\/\/lanoor-local.local\/?page_id=3"},"modified":"2026-01-23T20:52:46","modified_gmt":"2026-01-23T20:52:46","slug":"privacy-policy","status":"publish","type":"page","link":"https:\/\/lanoor.ee\/ru\/privacy-policy\/","title":{"rendered":"Privaatsuspoliitika\/\u041f\u043e\u043b\u0438\u0442\u0438\u043a\u0430 \u043a\u043e\u043d\u0444\u0438\u0434\u0435\u043d\u0446\u0438\u0430\u043b\u044c\u043d\u043e\u0441\u0442\u0438"},"content":{"rendered":"<p>Viimane uuendus\/ \u041f\u043e\u0441\u043b\u0435\u0434\u043d\u0435\u0435 \u043e\u0431\u043d\u043e\u0432\u043b\u0435\u043d\u0438\u0435:\u00a0<em>23. jaanuar 2026<\/em><\/p>\n\n\n\n<p>Mittetulundus\u00fching LaNoor<br>Registrikood\/\u0420\u0435\u0433\u0438\u0441\u0442\u0440\u0430\u0446\u0438\u043e\u043d\u043d\u044b\u0439 \u043a\u043e\u0434: 80354344<br>Aadress\/\u0410\u0434\u0440\u0435\u0441: \u00d5ism\u00e4e tee 88a, Haabersti linnaosa, 13513 Tallinn, Harju maakond<br>E-post\/E-mail: info@lanoor.ee<br>Telefon\/\u0422\u0435\u043b\u0435\u0444\u043e\u043d: +372 55595332<\/p>\n\n\n\n<h3 class=\"wp-block-heading\">T\u00f6\u00f6deldavad isikuandmed\/ \u041e\u0431\u0440\u0430\u0431\u0430\u0442\u044b\u0432\u0430\u0435\u043c\u044b\u0435 \u043f\u0435\u0440\u0441\u043e\u043d\u0430\u043b\u044c\u043d\u044b\u0435 \u0434\u0430\u043d\u043d\u044b\u0435<\/h3>\n\n\n\n<p>Nimi ja kontaktandmed (telefon, e-post) \/ \u0418\u043c\u044f \u0438 \u043a\u043e\u043d\u0442\u0430\u043a\u0442\u043d\u044b\u0435 \u0434\u0430\u043d\u043d\u044b\u0435 (\u0442\u0435\u043b\u0435\u0444\u043e\u043d, e-mail)<\/p>\n\n\n\n<p>Terviseandmed, mis on vajalikud rehabilitatsiooniteenuse osutamiseks \/ \u0414\u0430\u043d\u043d\u044b\u0435 \u043e \u0441\u043e\u0441\u0442\u043e\u044f\u043d\u0438\u0438 \u0437\u0434\u043e\u0440\u043e\u0432\u044c\u044f, \u043d\u0435\u043e\u0431\u0445\u043e\u0434\u0438\u043c\u044b\u0435 \u0434\u043b\u044f \u043e\u043a\u0430\u0437\u0430\u043d\u0438\u044f \u0440\u0435\u0430\u0431\u0438\u043b\u0438\u0442\u0430\u0446\u0438\u043e\u043d\u043d\u044b\u0445 \u0443\u0441\u043b\u0443\u0433<\/p>\n\n\n\n<p>Kodulehe kasutamise andmed (k\u00fcpsised, IP-aadress, seadme ja brauseri info) \/ \u0414\u0430\u043d\u043d\u044b\u0435 \u043e\u0431 \u0438\u0441\u043f\u043e\u043b\u044c\u0437\u043e\u0432\u0430\u043d\u0438\u0438 \u0441\u0430\u0439\u0442\u0430 (cookies, IP-\u0430\u0434\u0440\u0435\u0441, \u0438\u043d\u0444\u043e\u0440\u043c\u0430\u0446\u0438\u044f \u043e\u0431 \u0443\u0441\u0442\u0440\u043e\u0439\u0441\u0442\u0432\u0435 \u0438 \u0431\u0440\u0430\u0443\u0437\u0435\u0440\u0435)<\/p>\n\n\n\n<h3 class=\"wp-block-heading\">Andmete t\u00f6\u00f6tlemise eesm\u00e4rgid \/ \u0426\u0435\u043b\u0438 \u043e\u0431\u0440\u0430\u0431\u043e\u0442\u043a\u0438 \u0434\u0430\u043d\u043d\u044b\u0445<\/h3>\n\n\n\n<p>Rehabilitatsiooniteenuse osutamine ja kliendiga suhtlemine \/ \u041e\u043a\u0430\u0437\u0430\u043d\u0438\u0435 \u0440\u0435\u0430\u0431\u0438\u043b\u0438\u0442\u0430\u0446\u0438\u043e\u043d\u043d\u044b\u0445 \u0443\u0441\u043b\u0443\u0433 \u0438 \u0432\u0437\u0430\u0438\u043c\u043e\u0434\u0435\u0439\u0441\u0442\u0432\u0438\u0435 \u0441 \u043a\u043b\u0438\u0435\u043d\u0442\u0430\u043c\u0438<\/p>\n\n\n\n<p>P\u00e4ringutele vastamine \/ \u041e\u0442\u0432\u0435\u0442 \u043d\u0430 \u0437\u0430\u043f\u0440\u043e\u0441\u044b<\/p>\n\n\n\n<p>Teenuse kvaliteedi ja kodulehe kasutajakogemuse parandamine \/ \u0423\u043b\u0443\u0447\u0448\u0435\u043d\u0438\u0435 \u043a\u0430\u0447\u0435\u0441\u0442\u0432\u0430 \u0443\u0441\u043b\u0443\u0433 \u0438 \u0443\u0434\u043e\u0431\u0441\u0442\u0432\u0430 \u043f\u043e\u043b\u044c\u0437\u043e\u0432\u0430\u043d\u0438\u044f \u0441\u0430\u0439\u0442\u043e\u043c<\/p>\n\n\n\n<p>Juriidiliste kohustuste t\u00e4itmine \/ \u0412\u044b\u043f\u043e\u043b\u043d\u0435\u043d\u0438\u0435 \u044e\u0440\u0438\u0434\u0438\u0447\u0435\u0441\u043a\u0438\u0445 \u043e\u0431\u044f\u0437\u0430\u043d\u043d\u043e\u0441\u0442\u0435\u0439<\/p>\n\n\n\n<h3 class=\"wp-block-heading\">\u00d5iguslik alus \/ \u041f\u0440\u0430\u0432\u043e\u0432\u043e\u0435 \u043e\u0441\u043d\u043e\u0432\u0430\u043d\u0438\u0435<\/h3>\n\n\n\n<p>Isikuandmete t\u00f6\u00f6tlemine toimub vastavalt GDPR-ile ja Eesti isikuandmete kaitse seadusele \/ \u041c\u044b \u043e\u0431\u0440\u0430\u0431\u0430\u0442\u044b\u0432\u0430\u0435\u043c \u0434\u0430\u043d\u043d\u044b\u0435 \u0432 \u0441\u043e\u043e\u0442\u0432\u0435\u0442\u0441\u0442\u0432\u0438\u0438 \u0441 GDPR \u0438 \u0417\u0430\u043a\u043e\u043d\u043e\u043c \u042d\u0420 \u00ab\u041e \u0437\u0430\u0449\u0438\u0442\u0435 \u043f\u0435\u0440\u0441\u043e\u043d\u0430\u043b\u044c\u043d\u044b\u0445 \u0434\u0430\u043d\u043d\u044b\u0445\u00bb:<\/p>\n\n\n\n<p>Juriidiline kohustus \/ \u042e\u0440\u0438\u0434\u0438\u0447\u0435\u0441\u043a\u043e\u0435 \u043e\u0431\u044f\u0437\u0430\u0442\u0435\u043b\u044c\u0441\u0442\u0432\u043e<\/p>\n\n\n\n<p>Kliendi n\u00f5usolek \/ \u0421\u043e\u0433\u043b\u0430\u0441\u0438\u0435 \u043a\u043b\u0438\u0435\u043d\u0442\u0430<\/p>\n\n\n\n<p>Lepingu t\u00e4itmine \/ \u0412\u044b\u043f\u043e\u043b\u043d\u0435\u043d\u0438\u0435 \u0434\u043e\u0433\u043e\u0432\u043e\u0440\u0430<\/p>\n\n\n\n<h3 class=\"wp-block-heading\">Andmete s\u00e4ilitamine \/ \u0421\u0440\u043e\u043a \u0445\u0440\u0430\u043d\u0435\u043d\u0438\u044f \u0434\u0430\u043d\u043d\u044b\u0445<\/h3>\n\n\n\n<p>S\u00e4ilitame isikuandmeid ainult seni, kuni see on vajalik eesm\u00e4rkide t\u00e4itmiseks v\u00f5i seadusest tuleneva kohustuse t\u00e4itmiseks.<br>\u041c\u044b \u0445\u0440\u0430\u043d\u0438\u043c \u0434\u0430\u043d\u043d\u044b\u0435 \u0442\u043e\u043b\u044c\u043a\u043e \u0441\u0442\u043e\u043b\u044c\u043a\u043e, \u0441\u043a\u043e\u043b\u044c\u043a\u043e \u043d\u0435\u043e\u0431\u0445\u043e\u0434\u0438\u043c\u043e \u0434\u043b\u044f \u0434\u043e\u0441\u0442\u0438\u0436\u0435\u043d\u0438\u044f \u0446\u0435\u043b\u0435\u0439 \u043e\u0431\u0440\u0430\u0431\u043e\u0442\u043a\u0438 \u0438\u043b\u0438 \u0432\u044b\u043f\u043e\u043b\u043d\u0435\u043d\u0438\u044f \u0442\u0440\u0435\u0431\u043e\u0432\u0430\u043d\u0438\u0439 \u0437\u0430\u043a\u043e\u043d\u0430.<\/p>\n\n\n\n<h3 class=\"wp-block-heading\">Andmete edastamine \/ \u041f\u0435\u0440\u0435\u0434\u0430\u0447\u0430 \u0434\u0430\u043d\u043d\u044b\u0445<\/h3>\n\n\n\n<p>V\u00f5ime edastada andmeid:<\/p>\n\n\n\n<p>P\u00e4devatele asutustele seadusest tulenevatel juhtudel \/ \u0423\u043f\u043e\u043b\u043d\u043e\u043c\u043e\u0447\u0435\u043d\u043d\u044b\u043c \u043e\u0440\u0433\u0430\u043d\u0430\u043c \u043f\u043e \u0437\u0430\u043a\u043e\u043d\u0443<\/p>\n\n\n\n<p>IT-teenuse pakkujatele v\u00f5i koost\u00f6\u00f6partneritele lepingu t\u00e4itmiseks \/ IT-\u043f\u0430\u0440\u0442\u043d\u0451\u0440\u0430\u043c \u0438 \u043f\u043e\u0434\u0440\u044f\u0434\u0447\u0438\u043a\u0430\u043c \u0434\u043b\u044f \u0438\u0441\u043f\u043e\u043b\u043d\u0435\u043d\u0438\u044f \u0434\u043e\u0433\u043e\u0432\u043e\u0440\u0430<\/p>\n\n\n\n<h3 class=\"wp-block-heading\">Teie \u00f5igused \/ \u0412\u0430\u0448\u0438 \u043f\u0440\u0430\u0432\u0430<\/h3>\n\n\n\n<p>Teil on \u00f5igus \/ \u0412\u044b \u0438\u043c\u0435\u0435\u0442\u0435 \u043f\u0440\u0430\u0432\u043e:<\/p>\n\n\n\n<p>esitada kaebus Andmekaitse Inspektsioonile (aki.ee) \/ \u043f\u043e\u0434\u0430\u0442\u044c \u0436\u0430\u043b\u043e\u0431\u0443 \u0432 \u0418\u043d\u0441\u043f\u0435\u043a\u0446\u0438\u044e \u043f\u043e \u0437\u0430\u0449\u0438\u0442\u0435 \u0434\u0430\u043d\u043d\u044b\u0445 (aki.ee)<\/p>\n\n\n\n<p>saada teavet andmete t\u00f6\u00f6tlemise kohta \/ \u043f\u043e\u043b\u0443\u0447\u0430\u0442\u044c \u0438\u043d\u0444\u043e\u0440\u043c\u0430\u0446\u0438\u044e \u043e\u0431 \u043e\u0431\u0440\u0430\u0431\u043e\u0442\u043a\u0435<\/p>\n\n\n\n<p>taotleda andmete parandamist v\u00f5i kustutamist \/ \u0442\u0440\u0435\u0431\u043e\u0432\u0430\u0442\u044c \u0438\u0441\u043f\u0440\u0430\u0432\u043b\u0435\u043d\u0438\u044f \u0438\u043b\u0438 \u0443\u0434\u0430\u043b\u0435\u043d\u0438\u044f \u0434\u0430\u043d\u043d\u044b\u0445<\/p>\n\n\n\n<p>piirata andmete t\u00f6\u00f6tlemist \/ \u043e\u0433\u0440\u0430\u043d\u0438\u0447\u0438\u0442\u044c \u043e\u0431\u0440\u0430\u0431\u043e\u0442\u043a\u0443<\/p>\n\n\n\n<p>v\u00f5tta tagasi oma n\u00f5usolek \/ \u043e\u0442\u043e\u0437\u0432\u0430\u0442\u044c \u0441\u043e\u0433\u043b\u0430\u0441\u0438\u0435<\/p>\n\n\n\n<h3 class=\"wp-block-heading\">K\u00fcpsised \/ Cookies<\/h3>\n\n\n\n<p>Koduleht v\u00f5ib kasutada k\u00fcpsiseid kasutajakogemuse parandamiseks ja liikluse anal\u00fc\u00fcsimiseks.<br>\u0421\u0430\u0439\u0442 \u043c\u043e\u0436\u0435\u0442 \u0438\u0441\u043f\u043e\u043b\u044c\u0437\u043e\u0432\u0430\u0442\u044c cookies \u0434\u043b\u044f \u0443\u043b\u0443\u0447\u0448\u0435\u043d\u0438\u044f \u0440\u0430\u0431\u043e\u0442\u044b \u0438 \u0430\u043d\u0430\u043b\u0438\u0437\u0430 \u0442\u0440\u0430\u0444\u0438\u043a\u0430.<\/p>\n\n\n\n<h3 class=\"wp-block-heading\">Kontakt \/ \u0421\u0432\u044f\u0437\u044c<\/h3>\n\n\n\n<p>\u042d-\u043f\u043e\u0447\u0442\u0430: <\/p>\n\n\n\n<figure class=\"wp-block-table\"><table class=\"has-fixed-layout\"><tbody><tr><td><a href=\"mailto:info@lanoor.ee\"><br><\/a><a href=\"mailto:info@lanoor.ee\" target=\"_blank\" rel=\"noreferrer noopener\">info@lanoor.ee<\/a><\/td><\/tr><\/tbody><\/table><\/figure>\n\n\n\n<p><\/p>","protected":false},"excerpt":{"rendered":"<p>Viimane uuendus\/ \u041f\u043e\u0441\u043b\u0435\u0434\u043d\u0435\u0435 \u043e\u0431\u043d\u043e\u0432\u043b\u0435\u043d\u0438\u0435:\u00a023. jaanuar 2026 Mittetulundus\u00fching LaNoorRegistrikood\/\u0420\u0435\u0433\u0438\u0441\u0442\u0440\u0430\u0446\u0438\u043e\u043d\u043d\u044b\u0439 \u043a\u043e\u0434: 80354344Aadress\/\u0410\u0434\u0440\u0435\u0441: \u00d5ism\u00e4e tee 88a, Haabersti linnaosa, 13513 Tallinn, Harju maakondE-post\/E-mail: info@lanoor.eeTelefon\/\u0422\u0435\u043b\u0435\u0444\u043e\u043d: [&hellip;]<\/p>\n","protected":false},"author":1,"featured_media":0,"parent":0,"menu_order":0,"comment_status":"closed","ping_status":"open","template":"","meta":{"site-sidebar-layout":"default","site-content-layout":"","ast-site-content-layout":"default","site-content-style":"default","site-sidebar-style":"default","ast-global-header-display":"","ast-banner-title-visibility":"","ast-main-header-display":"","ast-hfb-above-header-display":"","ast-hfb-below-header-display":"","ast-hfb-mobile-header-display":"","site-post-title":"","ast-breadcrumbs-content":"","ast-featured-img":"","footer-sml-layout":"","ast-disable-related-posts":"","theme-transparent-header-meta":"","adv-header-id-meta":"","stick-header-meta":"","header-above-stick-meta":"","header-main-stick-meta":"","header-below-stick-meta":"","astra-migrate-meta-layouts":"default","ast-page-background-enabled":"default","ast-page-background-meta":{"desktop":{"background-color":"var(--ast-global-color-5)","background-image":"","background-repeat":"repeat","background-position":"center center","background-size":"auto","background-attachment":"scroll","background-type":"","background-media":"","overlay-type":"","overlay-color":"","overlay-opacity":"","overlay-gradient":""},"tablet":{"background-color":"","background-image":"","background-repeat":"repeat","background-position":"center center","background-size":"auto","background-attachment":"scroll","background-type":"","background-media":"","overlay-type":"","overlay-color":"","overlay-opacity":"","overlay-gradient":""},"mobile":{"background-color":"","background-image":"","background-repeat":"repeat","background-position":"center center","background-size":"auto","background-attachment":"scroll","background-type":"","background-media":"","overlay-type":"","overlay-color":"","overlay-opacity":"","overlay-gradient":""}},"ast-content-background-meta":{"desktop":{"background-color":"var(--ast-global-color-4)","background-image":"","background-repeat":"repeat","background-position":"center center","background-size":"auto","background-attachment":"scroll","background-type":"","background-media":"","overlay-type":"","overlay-color":"","overlay-opacity":"","overlay-gradient":""},"tablet":{"background-color":"var(--ast-global-color-4)","background-image":"","background-repeat":"repeat","background-position":"center center","background-size":"auto","background-attachment":"scroll","background-type":"","background-media":"","overlay-type":"","overlay-color":"","overlay-opacity":"","overlay-gradient":""},"mobile":{"background-color":"var(--ast-global-color-4)","background-image":"","background-repeat":"repeat","background-position":"center center","background-size":"auto","background-attachment":"scroll","background-type":"","background-media":"","overlay-type":"","overlay-color":"","overlay-opacity":"","overlay-gradient":""}},"footnotes":""},"class_list":["post-3","page","type-page","status-publish","hentry"],"_links":{"self":[{"href":"https:\/\/lanoor.ee\/ru\/wp-json\/wp\/v2\/pages\/3","targetHints":{"allow":["GET"]}}],"collection":[{"href":"https:\/\/lanoor.ee\/ru\/wp-json\/wp\/v2\/pages"}],"about":[{"href":"https:\/\/lanoor.ee\/ru\/wp-json\/wp\/v2\/types\/page"}],"author":[{"embeddable":true,"href":"https:\/\/lanoor.ee\/ru\/wp-json\/wp\/v2\/users\/1"}],"replies":[{"embeddable":true,"href":"https:\/\/lanoor.ee\/ru\/wp-json\/wp\/v2\/comments?post=3"}],"version-history":[{"count":1,"href":"https:\/\/lanoor.ee\/ru\/wp-json\/wp\/v2\/pages\/3\/revisions"}],"predecessor-version":[{"id":353,"href":"https:\/\/lanoor.ee\/ru\/wp-json\/wp\/v2\/pages\/3\/revisions\/353"}],"wp:attachment":[{"href":"https:\/\/lanoor.ee\/ru\/wp-json\/wp\/v2\/media?parent=3"}],"curies":[{"name":"wp","href":"https:\/\/api.w.org\/{rel}","templated":true}]}}