{"id":133,"date":"2025-11-01T15:28:34","date_gmt":"2025-11-01T15:28:34","guid":{"rendered":"http:\/\/lanoor-local.local\/?page_id=133"},"modified":"2026-01-12T13:06:51","modified_gmt":"2026-01-12T13:06:51","slug":"kasitoo","status":"publish","type":"page","link":"https:\/\/lanoor.ee\/ru\/kasitoo\/","title":{"rendered":"\u0412\u0438\u0442\u0440\u0438\u043d\u0430"},"content":{"rendered":"<p>\u0417\u0434\u0435\u0441\u044c \u043f\u0440\u0435\u0434\u0441\u0442\u0430\u0432\u043b\u0435\u043d\u044b \u0440\u0430\u0431\u043e\u0442\u044b, \u0438\u0437\u0433\u043e\u0442\u043e\u0432\u043b\u0435\u043d\u043d\u044b\u0435 \u043d\u0430\u0448\u0438\u043c\u0438 \u043a\u043b\u0438\u0435\u043d\u0442\u0430\u043c\u0438 \u0432\u0440\u0443\u0447\u043d\u0443\u044e.<br>\u0415\u0441\u043b\u0438 \u0432\u0430\u043c \u043f\u043e\u043d\u0440\u0430\u0432\u0438\u043b\u0441\u044f \u043a\u0430\u043a\u043e\u0439-\u0442\u043e \u043f\u0440\u0435\u0434\u043c\u0435\u0442 \u0438 \u0432\u044b \u0445\u043e\u0442\u0438\u0442\u0435 \u0435\u0433\u043e \u043f\u0440\u0438\u043e\u0431\u0440\u0435\u0441\u0442\u0438, \u043d\u0430\u043f\u0438\u0448\u0438\u0442\u0435 \u043d\u0430\u043c \u043d\u0430 \u044d\u043b\u0435\u043a\u0442\u0440\u043e\u043d\u043d\u0443\u044e \u043f\u043e\u0447\u0442\u0443 <a href=\"mailto:info@lanoor.ee\" target=\"_blank\" rel=\"noreferrer noopener\">info@lanoor.ee<\/a> \u0438\u043b\u0438 <a href=\"mailto:Elizabet@lanoor.ee\" target=\"_blank\" rel=\"noreferrer noopener\">Elizabet@lanoor.ee<\/a> \u0438 \u0443\u043a\u0430\u0436\u0438\u0442\u0435 \u043d\u043e\u043c\u0435\u0440 \u0438\u0437\u0434\u0435\u043b\u0438\u044f.<\/p>\n\n\n\n<div class=\"wp-block-group is-layout-constrained wp-block-group-is-layout-constrained\">\n<div class=\"wp-block-media-text alignwide is-stacked-on-mobile\" style=\"grid-template-columns:39% auto\"><figure class=\"wp-block-media-text__media\"><img loading=\"lazy\" decoding=\"async\" width=\"683\" height=\"1024\" src=\"https:\/\/lanoor.ee\/wp-content\/uploads\/2026\/01\/IMG_0733-683x1024.jpg\" alt=\"\" class=\"wp-image-334 size-full\" srcset=\"https:\/\/lanoor.ee\/wp-content\/uploads\/2026\/01\/IMG_0733-683x1024.jpg 683w, https:\/\/lanoor.ee\/wp-content\/uploads\/2026\/01\/IMG_0733-200x300.jpg 200w, https:\/\/lanoor.ee\/wp-content\/uploads\/2026\/01\/IMG_0733-768x1152.jpg 768w, https:\/\/lanoor.ee\/wp-content\/uploads\/2026\/01\/IMG_0733-1024x1536.jpg 1024w, https:\/\/lanoor.ee\/wp-content\/uploads\/2026\/01\/IMG_0733-1365x2048.jpg 1365w, https:\/\/lanoor.ee\/wp-content\/uploads\/2026\/01\/IMG_0733-8x12.jpg 8w, https:\/\/lanoor.ee\/wp-content\/uploads\/2026\/01\/IMG_0733-scaled.jpg 1707w\" sizes=\"auto, (max-width: 683px) 100vw, 683px\" \/><\/figure><div class=\"wp-block-media-text__content\">\n<h3 class=\"wp-block-heading\">\u0418\u0437\u0434\u0435\u043b\u0438\u0435 \u043d\u043e\u043c\u0435\u0440 1<\/h3>\n\n\n\n<p><strong>\u041a\u0435\u0440\u0430\u043c\u0438\u0447\u0435\u0441\u043a\u0438\u0439 \u043d\u0430\u0431\u043e\u0440 \u0440\u0443\u0447\u043d\u043e\u0439 \u0440\u0430\u0431\u043e\u0442\u044b<\/strong> (<strong>25 \u20ac<\/strong>) \u2014 \u043d\u0435\u0431\u043e\u043b\u044c\u0448\u0430\u044f \u043c\u0438\u0441\u043e\u0447\u043a\u0430 \u0441 \u043a\u0440\u044b\u0448\u043a\u043e\u0439 \u0438 \u043b\u043e\u0436\u043a\u0430. \u042d\u0442\u043e\u0442 \u043f\u0440\u0435\u0434\u043c\u0435\u0442 \u0441\u043e\u0437\u0434\u0430\u043d \u043a\u043b\u0438\u0435\u043d\u0442\u0430\u043c\u0438 \u0446\u0435\u043d\u0442\u0440\u0430 \u043f\u043e\u0434\u0434\u0435\u0440\u0436\u043a\u0438 Lanoor. \u041c\u0438\u0441\u043e\u0447\u043a\u0430 \u043e\u0442\u043b\u0438\u0447\u043d\u043e \u043f\u043e\u0434\u0445\u043e\u0434\u0438\u0442, \u043d\u0430\u043f\u0440\u0438\u043c\u0435\u0440, \u0434\u043b\u044f \u0445\u0440\u0430\u043d\u0435\u043d\u0438\u044f \u0441\u0430\u0445\u0430\u0440\u0430, \u043c\u0451\u0434\u0430, \u0441\u043e\u043b\u0438 \u0438\u043b\u0438 \u043d\u0435\u0431\u043e\u043b\u044c\u0448\u0438\u0445 \u043f\u0440\u0435\u0434\u043c\u0435\u0442\u043e\u0432. \u042d\u0442\u043e\u0442 \u043a\u0435\u0440\u0430\u043c\u0438\u0447\u0435\u0441\u043a\u0438\u0439 \u043d\u0430\u0431\u043e\u0440 \u2014 \u0431\u043e\u043b\u044c\u0448\u0435, \u0447\u0435\u043c \u043f\u0440\u043e\u0441\u0442\u043e \u0432\u0435\u0449\u044c \u0434\u043b\u044f \u0431\u044b\u0442\u0430: \u044d\u0442\u043e \u0438\u0441\u0442\u043e\u0440\u0438\u044f \u0437\u0430\u0431\u043e\u0442\u044b, \u0432\u0440\u0435\u043c\u0435\u043d\u0438 \u0438 \u0440\u0443\u0447\u043d\u043e\u0433\u043e \u0442\u0440\u0443\u0434\u0430.  <\/p>\n\n\n\n<ul class=\"wp-block-list\">\n<li>\u0414\u0438\u0430\u043c\u0435\u0442\u0440 \u043c\u0438\u0441\u043e\u0447\u043a\u0438: \u043e\u043a\u043e\u043b\u043e 8 \u0441\u043c<\/li>\n\n\n\n<li>\u0414\u043b\u0438\u043d\u0430 \u043b\u043e\u0436\u043a\u0438: \u043e\u043a\u043e\u043b\u043e 11 \u0441\u043c<\/li>\n<\/ul>\n\n\n\n<p><strong>\u041c\u0430\u0442\u0435\u0440\u0438\u0430\u043b:<\/strong> \u043a\u0435\u0440\u0430\u043c\u0438\u043a\u0430 \u0440\u0443\u0447\u043d\u043e\u0439 \u043b\u0435\u043f\u043a\u0438 \u0438 \u0433\u043b\u0430\u0437\u0443\u0440\u043e\u0432\u0430\u043d\u0438\u044f<br><strong>\u0423\u0445\u043e\u0434:<\/strong> \u0440\u0435\u043a\u043e\u043c\u0435\u043d\u0434\u0443\u0435\u0442\u0441\u044f \u043c\u044b\u0442\u044c \u0432\u0440\u0443\u0447\u043d\u0443\u044e<\/p>\n<\/div><\/div>\n\n\n\n<div class=\"wp-block-media-text alignwide is-stacked-on-mobile\" style=\"grid-template-columns:39% auto\"><figure class=\"wp-block-media-text__media\"><img loading=\"lazy\" decoding=\"async\" width=\"683\" height=\"1024\" src=\"https:\/\/lanoor.ee\/wp-content\/uploads\/2026\/01\/IMG_0775-683x1024.jpg\" alt=\"\" class=\"wp-image-332 size-full\" srcset=\"https:\/\/lanoor.ee\/wp-content\/uploads\/2026\/01\/IMG_0775-683x1024.jpg 683w, https:\/\/lanoor.ee\/wp-content\/uploads\/2026\/01\/IMG_0775-200x300.jpg 200w, https:\/\/lanoor.ee\/wp-content\/uploads\/2026\/01\/IMG_0775-768x1152.jpg 768w, https:\/\/lanoor.ee\/wp-content\/uploads\/2026\/01\/IMG_0775-1024x1536.jpg 1024w, https:\/\/lanoor.ee\/wp-content\/uploads\/2026\/01\/IMG_0775-1365x2048.jpg 1365w, https:\/\/lanoor.ee\/wp-content\/uploads\/2026\/01\/IMG_0775-8x12.jpg 8w, https:\/\/lanoor.ee\/wp-content\/uploads\/2026\/01\/IMG_0775-scaled.jpg 1707w\" sizes=\"auto, (max-width: 683px) 100vw, 683px\" \/><\/figure><div class=\"wp-block-media-text__content\">\n<h3 class=\"wp-block-heading\">\u0418\u0437\u0434\u0435\u043b\u0438\u0435 \u043d\u043e\u043c\u0435\u0440 2<\/h3>\n\n\n\n<p><strong>\u041a\u0435\u0440\u0430\u043c\u0438\u0447\u0435\u0441\u043a\u0430\u044f \u0447\u0430\u0448\u043a\u0430 \u0440\u0443\u0447\u043d\u043e\u0439 \u0440\u0430\u0431\u043e\u0442\u044b<\/strong> <strong>(18 \u20ac)<\/strong> \u0438\u0437\u0433\u043e\u0442\u043e\u0432\u043b\u0435\u043d\u0430 \u0438\u0437 \u0433\u043b\u0438\u043d\u044b \u043a\u043b\u0438\u0435\u043d\u0442\u0430\u043c\u0438 \u0446\u0435\u043d\u0442\u0440\u0430 \u043f\u043e\u0434\u0434\u0435\u0440\u0436\u043a\u0438 Lanoor. \u0427\u0430\u0448\u043a\u0430 \u0445\u043e\u0440\u043e\u0448\u043e \u043f\u043e\u0434\u0445\u043e\u0434\u0438\u0442 \u0434\u043b\u044f \u043d\u0435\u0431\u043e\u043b\u044c\u0448\u043e\u0433\u043e \u043d\u0430\u043f\u0438\u0442\u043a\u0430, \u0430 \u0442\u0430\u043a\u0436\u0435 \u043c\u043e\u0436\u0435\u0442 \u0438\u0441\u043f\u043e\u043b\u044c\u0437\u043e\u0432\u0430\u0442\u044c\u0441\u044f \u043a\u0430\u043a \u043f\u043e\u0434\u0441\u0432\u0435\u0447\u043d\u0438\u043a \u0438\u043b\u0438 \u0434\u0435\u043a\u043e\u0440\u0430\u0442\u0438\u0432\u043d\u044b\u0439 \u043f\u0440\u0435\u0434\u043c\u0435\u0442 \u0434\u043b\u044f \u0434\u043e\u043c\u0430. <\/p>\n\n\n\n<p><strong>\u0420\u0430\u0437\u043c\u0435\u0440\u044b:<\/strong><\/p>\n\n\n\n<ul class=\"wp-block-list\">\n<li>\u0414\u0438\u0430\u043c\u0435\u0442\u0440: \u043e\u043a\u043e\u043b\u043e 7,5 \u0441\u043c<\/li>\n<\/ul>\n\n\n\n<p><strong>\u041c\u0430\u0442\u0435\u0440\u0438\u0430\u043b:<\/strong> \u043a\u0435\u0440\u0430\u043c\u0438\u043a\u0430 \u0440\u0443\u0447\u043d\u043e\u0439 \u043b\u0435\u043f\u043a\u0438 \u0438 \u0433\u043b\u0430\u0437\u0443\u0440\u043e\u0432\u0430\u043d\u0438\u044f<br><strong>\u0423\u0445\u043e\u0434:<\/strong> \u0440\u0435\u043a\u043e\u043c\u0435\u043d\u0434\u0443\u0435\u0442\u0441\u044f \u043c\u044b\u0442\u044c \u0432\u0440\u0443\u0447\u043d\u0443\u044e<\/p>\n<\/div><\/div>\n\n\n\n<div class=\"wp-block-media-text alignwide is-stacked-on-mobile\" style=\"grid-template-columns:39% auto\"><figure class=\"wp-block-media-text__media\"><img loading=\"lazy\" decoding=\"async\" width=\"1024\" height=\"683\" src=\"https:\/\/lanoor.ee\/wp-content\/uploads\/2026\/01\/IMG_0791-1024x683.jpg\" alt=\"\" class=\"wp-image-333 size-full\" srcset=\"https:\/\/lanoor.ee\/wp-content\/uploads\/2026\/01\/IMG_0791-1024x683.jpg 1024w, https:\/\/lanoor.ee\/wp-content\/uploads\/2026\/01\/IMG_0791-300x200.jpg 300w, https:\/\/lanoor.ee\/wp-content\/uploads\/2026\/01\/IMG_0791-768x512.jpg 768w, https:\/\/lanoor.ee\/wp-content\/uploads\/2026\/01\/IMG_0791-1536x1024.jpg 1536w, https:\/\/lanoor.ee\/wp-content\/uploads\/2026\/01\/IMG_0791-2048x1365.jpg 2048w, https:\/\/lanoor.ee\/wp-content\/uploads\/2026\/01\/IMG_0791-18x12.jpg 18w\" sizes=\"auto, (max-width: 1024px) 100vw, 1024px\" \/><\/figure><div class=\"wp-block-media-text__content\">\n<p><\/p>\n\n\n\n<h3 class=\"wp-block-heading\">\u0418\u0437\u0434\u0435\u043b\u0438\u0435 \u043d\u043e\u043c\u0435\u0440 3<\/h3>\n\n\n\n<p><strong>\u041a\u0435\u0440\u0430\u043c\u0438\u0447\u0435\u0441\u043a\u0430\u044f \u0438\u0433\u0440\u0430 \u201c\u043a\u0440\u0435\u0441\u0442\u0438\u043a\u0438-\u043d\u043e\u043b\u0438\u043a\u0438\u201d \u0440\u0443\u0447\u043d\u043e\u0439 \u0440\u0430\u0431\u043e\u0442\u044b<\/strong> <strong>(35 \u20ac)<\/strong> \u0438\u0437\u0433\u043e\u0442\u043e\u0432\u043b\u0435\u043d\u0430 \u0438\u0437 \u0433\u043b\u0438\u043d\u044b \u043a\u043b\u0438\u0435\u043d\u0442\u0430\u043c\u0438 \u0446\u0435\u043d\u0442\u0440\u0430 \u043f\u043e\u0434\u0434\u0435\u0440\u0436\u043a\u0438 Lanoor. \u041d\u0430\u0431\u043e\u0440 \u0441\u043e\u0441\u0442\u043e\u0438\u0442 \u0438\u0437 \u043a\u0435\u0440\u0430\u043c\u0438\u0447\u0435\u0441\u043a\u043e\u0439 \u0438\u0433\u0440\u043e\u0432\u043e\u0439 \u0434\u043e\u0441\u043a\u0438 \u0438 \u043e\u0442\u0434\u0435\u043b\u044c\u043d\u044b\u0445 \u0444\u0438\u0433\u0443\u0440\u043e\u043a \u0432 \u0444\u043e\u0440\u043c\u0435 X \u0438 O. \u041f\u043e\u0434\u0445\u043e\u0434\u0438\u0442 \u043a\u0430\u043a \u0434\u043b\u044f \u0438\u0433\u0440\u044b, \u0442\u0430\u043a \u0438 \u0432 \u043a\u0430\u0447\u0435\u0441\u0442\u0432\u0435 \u0434\u0435\u043a\u043e\u0440\u0430\u0442\u0438\u0432\u043d\u043e\u0433\u043e \u043f\u0440\u0435\u0434\u043c\u0435\u0442\u0430 \u2014 \u043d\u0430\u043f\u0440\u0438\u043c\u0435\u0440, \u0434\u043b\u044f \u0441\u0442\u043e\u043b\u0430, \u043f\u043e\u043b\u043a\u0438 \u0438\u043b\u0438 \u0432 \u043f\u043e\u0434\u0430\u0440\u043e\u043a. \u041c\u044f\u0433\u043a\u0438\u0435 \u043e\u0442\u0442\u0435\u043d\u043a\u0438 \u0438 \u043f\u0440\u043e\u0441\u0442\u0430\u044f \u0444\u043e\u0440\u043c\u0430 \u0441\u043e\u0437\u0434\u0430\u044e\u0442 \u0441\u043f\u043e\u043a\u043e\u0439\u043d\u044b\u0439 \u0438 \u0434\u0440\u0443\u0436\u0435\u043b\u044e\u0431\u043d\u044b\u0439 \u043e\u0431\u0440\u0430\u0437.<\/p>\n\n\n\n<p><strong>\u0420\u0430\u0437\u043c\u0435\u0440\u044b:<\/strong><\/p>\n\n\n\n<ul class=\"wp-block-list\">\n<li>\u0420\u0430\u0437\u043c\u0435\u0440 \u043e\u0441\u043d\u043e\u0432\u044b: \u043e\u043a\u043e\u043b\u043e 15 \u00d7 15 \u0441\u043c<\/li>\n<\/ul>\n\n\n\n<p><strong>\u041c\u0430\u0442\u0435\u0440\u0438\u0430\u043b:<\/strong> \u043a\u0435\u0440\u0430\u043c\u0438\u043a\u0430 \u0440\u0443\u0447\u043d\u043e\u0439 \u043b\u0435\u043f\u043a\u0438 \u0438 \u0433\u043b\u0430\u0437\u0443\u0440\u043e\u0432\u0430\u043d\u0438\u044f<br><strong>\u0423\u0445\u043e\u0434:<\/strong> \u0440\u0435\u043a\u043e\u043c\u0435\u043d\u0434\u0443\u0435\u0442\u0441\u044f \u043c\u044b\u0442\u044c \u0432\u0440\u0443\u0447\u043d\u0443\u044e<\/p>\n<\/div><\/div>\n<\/div>","protected":false},"excerpt":{"rendered":"<p>Siin on v\u00e4lja pandud meie klientide k\u00e4sitsi valmistatud t\u00f6\u00f6d.Kui m\u00f5ni ese teile meeldib ja soovite selle osta, kirjutage meile e-posti [&hellip;]<\/p>\n","protected":false},"author":1,"featured_media":0,"parent":0,"menu_order":0,"comment_status":"closed","ping_status":"closed","template":"","meta":{"site-sidebar-layout":"default","site-content-layout":"","ast-site-content-layout":"default","site-content-style":"default","site-sidebar-style":"default","ast-global-header-display":"","ast-banner-title-visibility":"","ast-main-header-display":"","ast-hfb-above-header-display":"","ast-hfb-below-header-display":"","ast-hfb-mobile-header-display":"","site-post-title":"","ast-breadcrumbs-content":"","ast-featured-img":"","footer-sml-layout":"","ast-disable-related-posts":"","theme-transparent-header-meta":"","adv-header-id-meta":"","stick-header-meta":"","header-above-stick-meta":"","header-main-stick-meta":"","header-below-stick-meta":"","astra-migrate-meta-layouts":"default","ast-page-background-enabled":"default","ast-page-background-meta":{"desktop":{"background-color":"var(--ast-global-color-5)","background-image":"","background-repeat":"repeat","background-position":"center center","background-size":"auto","background-attachment":"scroll","background-type":"","background-media":"","overlay-type":"","overlay-color":"","overlay-opacity":"","overlay-gradient":""},"tablet":{"background-color":"","background-image":"","background-repeat":"repeat","background-position":"center center","background-size":"auto","background-attachment":"scroll","background-type":"","background-media":"","overlay-type":"","overlay-color":"","overlay-opacity":"","overlay-gradient":""},"mobile":{"background-color":"","background-image":"","background-repeat":"repeat","background-position":"center center","background-size":"auto","background-attachment":"scroll","background-type":"","background-media":"","overlay-type":"","overlay-color":"","overlay-opacity":"","overlay-gradient":""}},"ast-content-background-meta":{"desktop":{"background-color":"var(--ast-global-color-4)","background-image":"","background-repeat":"repeat","background-position":"center center","background-size":"auto","background-attachment":"scroll","background-type":"","background-media":"","overlay-type":"","overlay-color":"","overlay-opacity":"","overlay-gradient":""},"tablet":{"background-color":"var(--ast-global-color-4)","background-image":"","background-repeat":"repeat","background-position":"center center","background-size":"auto","background-attachment":"scroll","background-type":"","background-media":"","overlay-type":"","overlay-color":"","overlay-opacity":"","overlay-gradient":""},"mobile":{"background-color":"var(--ast-global-color-4)","background-image":"","background-repeat":"repeat","background-position":"center center","background-size":"auto","background-attachment":"scroll","background-type":"","background-media":"","overlay-type":"","overlay-color":"","overlay-opacity":"","overlay-gradient":""}},"footnotes":""},"class_list":["post-133","page","type-page","status-publish","hentry"],"_links":{"self":[{"href":"https:\/\/lanoor.ee\/ru\/wp-json\/wp\/v2\/pages\/133","targetHints":{"allow":["GET"]}}],"collection":[{"href":"https:\/\/lanoor.ee\/ru\/wp-json\/wp\/v2\/pages"}],"about":[{"href":"https:\/\/lanoor.ee\/ru\/wp-json\/wp\/v2\/types\/page"}],"author":[{"embeddable":true,"href":"https:\/\/lanoor.ee\/ru\/wp-json\/wp\/v2\/users\/1"}],"replies":[{"embeddable":true,"href":"https:\/\/lanoor.ee\/ru\/wp-json\/wp\/v2\/comments?post=133"}],"version-history":[{"count":7,"href":"https:\/\/lanoor.ee\/ru\/wp-json\/wp\/v2\/pages\/133\/revisions"}],"predecessor-version":[{"id":335,"href":"https:\/\/lanoor.ee\/ru\/wp-json\/wp\/v2\/pages\/133\/revisions\/335"}],"wp:attachment":[{"href":"https:\/\/lanoor.ee\/ru\/wp-json\/wp\/v2\/media?parent=133"}],"curies":[{"name":"wp","href":"https:\/\/api.w.org\/{rel}","templated":true}]}}